{"id":293,"date":"2020-12-09T10:35:29","date_gmt":"2020-12-09T09:35:29","guid":{"rendered":"https:\/\/test-wp.pulikowski.com\/?product=import-placeholder-for-87"},"modified":"2020-12-09T10:35:38","modified_gmt":"2020-12-09T09:35:38","slug":"blaszka-szczeki","status":"publish","type":"product","link":"https:\/\/test-wp.pulikowski.com\/?product=blaszka-szczeki","title":{"rendered":"Blaszka szcz\u0119ki"},"content":{"rendered":"<p>Stalowablaszka nak\u0142adana na szcz\u0119k\u0119 hamulcow\u0105.<\/p>\n","protected":false},"excerpt":{"rendered":"<p>Stalowablaszka nak\u0142adana na szcz\u0119k\u0119 hamulcow\u0105.<\/p>\n","protected":false},"featured_media":323,"comment_status":"open","ping_status":"closed","template":"","meta":{"spay_email":""},"_links":{"self":[{"href":"https:\/\/test-wp.pulikowski.com\/index.php?rest_route=\/wp\/v2\/product\/293"}],"collection":[{"href":"https:\/\/test-wp.pulikowski.com\/index.php?rest_route=\/wp\/v2\/product"}],"about":[{"href":"https:\/\/test-wp.pulikowski.com\/index.php?rest_route=\/wp\/v2\/types\/product"}],"replies":[{"embeddable":true,"href":"https:\/\/test-wp.pulikowski.com\/index.php?rest_route=%2Fwp%2Fv2%2Fcomments&post=293"}],"wp:featuredmedia":[{"embeddable":true,"href":"https:\/\/test-wp.pulikowski.com\/index.php?rest_route=\/wp\/v2\/media\/323"}],"wp:attachment":[{"href":"https:\/\/test-wp.pulikowski.com\/index.php?rest_route=%2Fwp%2Fv2%2Fmedia&parent=293"}],"curies":[{"name":"wp","href":"https:\/\/api.w.org\/{rel}","templated":true}]}}