{"id":292,"date":"2020-12-09T10:35:29","date_gmt":"2020-12-09T09:35:29","guid":{"rendered":"https:\/\/test-wp.pulikowski.com\/?product=import-placeholder-for-86"},"modified":"2020-12-09T10:35:38","modified_gmt":"2020-12-09T09:35:38","slug":"lozysko-sterow","status":"publish","type":"product","link":"https:\/\/test-wp.pulikowski.com\/?product=lozysko-sterow","title":{"rendered":"\u0141o\u017cysko ster\u00f3w"},"content":{"rendered":"<p>Pasuje do ka\u017cdegu typu SIMSONA, w sterach znajduj\u0105 si\u0119 2 sztuki, proponuje si\u0119 wymienia\u00c4\u2021 ca\u0142y zestaw (bie\u017cnie z \u0142o\u017cyskami)<\/p>\n","protected":false},"excerpt":{"rendered":"<p>Pasuje do ka\u017cdegu typu SIMSONA, w sterach znajduj\u0105 si\u0119 2 sztuki, proponuje si\u0119 wymienia\u00c4\u2021 ca\u0142y zestaw (bie\u017cnie z \u0142o\u017cyskami)<\/p>\n","protected":false},"featured_media":322,"comment_status":"open","ping_status":"closed","template":"","meta":{"spay_email":""},"_links":{"self":[{"href":"https:\/\/test-wp.pulikowski.com\/index.php?rest_route=\/wp\/v2\/product\/292"}],"collection":[{"href":"https:\/\/test-wp.pulikowski.com\/index.php?rest_route=\/wp\/v2\/product"}],"about":[{"href":"https:\/\/test-wp.pulikowski.com\/index.php?rest_route=\/wp\/v2\/types\/product"}],"replies":[{"embeddable":true,"href":"https:\/\/test-wp.pulikowski.com\/index.php?rest_route=%2Fwp%2Fv2%2Fcomments&post=292"}],"wp:featuredmedia":[{"embeddable":true,"href":"https:\/\/test-wp.pulikowski.com\/index.php?rest_route=\/wp\/v2\/media\/322"}],"wp:attachment":[{"href":"https:\/\/test-wp.pulikowski.com\/index.php?rest_route=%2Fwp%2Fv2%2Fmedia&parent=292"}],"curies":[{"name":"wp","href":"https:\/\/api.w.org\/{rel}","templated":true}]}}