{"id":290,"date":"2020-12-09T10:35:28","date_gmt":"2020-12-09T09:35:28","guid":{"rendered":"https:\/\/test-wp.pulikowski.com\/?product=import-placeholder-for-84"},"modified":"2020-12-09T10:35:36","modified_gmt":"2020-12-09T09:35:36","slug":"bieznia-sterow","status":"publish","type":"product","link":"https:\/\/test-wp.pulikowski.com\/?product=bieznia-sterow","title":{"rendered":"Bie\u017cnia ster\u00f3w"},"content":{"rendered":"<p>Bie\u017cnia ster\u00f3w  dolna. Nadaje si\u0119 do wszystkich typ\u00f3w SIMSON\u00f3w.<\/p>\n","protected":false},"excerpt":{"rendered":"<p>Bie\u017cnia ster\u00f3w dolna. Nadaje si\u0119 do wszystkich typ\u00f3w SIMSON\u00f3w.<\/p>\n","protected":false},"featured_media":320,"comment_status":"open","ping_status":"closed","template":"","meta":{"spay_email":""},"_links":{"self":[{"href":"https:\/\/test-wp.pulikowski.com\/index.php?rest_route=\/wp\/v2\/product\/290"}],"collection":[{"href":"https:\/\/test-wp.pulikowski.com\/index.php?rest_route=\/wp\/v2\/product"}],"about":[{"href":"https:\/\/test-wp.pulikowski.com\/index.php?rest_route=\/wp\/v2\/types\/product"}],"replies":[{"embeddable":true,"href":"https:\/\/test-wp.pulikowski.com\/index.php?rest_route=%2Fwp%2Fv2%2Fcomments&post=290"}],"wp:featuredmedia":[{"embeddable":true,"href":"https:\/\/test-wp.pulikowski.com\/index.php?rest_route=\/wp\/v2\/media\/320"}],"wp:attachment":[{"href":"https:\/\/test-wp.pulikowski.com\/index.php?rest_route=%2Fwp%2Fv2%2Fmedia&parent=290"}],"curies":[{"name":"wp","href":"https:\/\/api.w.org\/{rel}","templated":true}]}}