{"id":258,"date":"2020-12-09T10:34:59","date_gmt":"2020-12-09T09:34:59","guid":{"rendered":"https:\/\/test-wp.pulikowski.com\/?product=import-placeholder-for-82"},"modified":"2020-12-09T10:35:18","modified_gmt":"2020-12-09T09:35:18","slug":"nakretki","status":"publish","type":"product","link":"https:\/\/test-wp.pulikowski.com\/?product=nakretki","title":{"rendered":"Nakr\u0119tki"},"content":{"rendered":"<p>Nakr\u0119tka wa\u0142u, z\u0119batki \u0142a\u0144cuchowej, wa\u0142ka sprz\u0119g\u0142owego, szpilek cylindra (cena za 1szt.).<\/p>\n","protected":false},"excerpt":{"rendered":"<p>Nakr\u0119tka wa\u0142u, z\u0119batki \u0142a\u0144cuchowej, wa\u0142ka sprz\u0119g\u0142owego, szpilek cylindra (cena za 1szt.).<\/p>\n","protected":false},"featured_media":288,"comment_status":"open","ping_status":"closed","template":"","meta":{"spay_email":""},"_links":{"self":[{"href":"https:\/\/test-wp.pulikowski.com\/index.php?rest_route=\/wp\/v2\/product\/258"}],"collection":[{"href":"https:\/\/test-wp.pulikowski.com\/index.php?rest_route=\/wp\/v2\/product"}],"about":[{"href":"https:\/\/test-wp.pulikowski.com\/index.php?rest_route=\/wp\/v2\/types\/product"}],"replies":[{"embeddable":true,"href":"https:\/\/test-wp.pulikowski.com\/index.php?rest_route=%2Fwp%2Fv2%2Fcomments&post=258"}],"wp:featuredmedia":[{"embeddable":true,"href":"https:\/\/test-wp.pulikowski.com\/index.php?rest_route=\/wp\/v2\/media\/288"}],"wp:attachment":[{"href":"https:\/\/test-wp.pulikowski.com\/index.php?rest_route=%2Fwp%2Fv2%2Fmedia&parent=258"}],"curies":[{"name":"wp","href":"https:\/\/api.w.org\/{rel}","templated":true}]}}