{"id":256,"date":"2020-12-09T10:34:58","date_gmt":"2020-12-09T09:34:58","guid":{"rendered":"https:\/\/test-wp.pulikowski.com\/?product=import-placeholder-for-80"},"modified":"2020-12-09T10:35:17","modified_gmt":"2020-12-09T09:35:17","slug":"sprezyny-2","status":"publish","type":"product","link":"https:\/\/test-wp.pulikowski.com\/?product=sprezyny-2","title":{"rendered":"Spr\u0119\u017cyny 2"},"content":{"rendered":"<p>Spr\u0119\u017cyny do:  <OL> <LI>Kulek zmiany bieg\u00f3w S51.  <LI>Przepustnicy ga\u017anika stary typ.  <LI>Przepustnicy ga\u017anika nowy typ.<\/LI><\/OL>  Ka\u017cda spr\u0119\u017cyna kosztuje 3z\u0142.<\/p>\n","protected":false},"excerpt":{"rendered":"<p>Spr\u0119\u017cyny do: Kulek zmiany bieg\u00f3w S51. Przepustnicy ga\u017anika stary typ. Przepustnicy ga\u017anika nowy typ. Ka\u017cda spr\u0119\u017cyna kosztuje 3z\u0142.<\/p>\n","protected":false},"featured_media":286,"comment_status":"open","ping_status":"closed","template":"","meta":{"spay_email":""},"_links":{"self":[{"href":"https:\/\/test-wp.pulikowski.com\/index.php?rest_route=\/wp\/v2\/product\/256"}],"collection":[{"href":"https:\/\/test-wp.pulikowski.com\/index.php?rest_route=\/wp\/v2\/product"}],"about":[{"href":"https:\/\/test-wp.pulikowski.com\/index.php?rest_route=\/wp\/v2\/types\/product"}],"replies":[{"embeddable":true,"href":"https:\/\/test-wp.pulikowski.com\/index.php?rest_route=%2Fwp%2Fv2%2Fcomments&post=256"}],"wp:featuredmedia":[{"embeddable":true,"href":"https:\/\/test-wp.pulikowski.com\/index.php?rest_route=\/wp\/v2\/media\/286"}],"wp:attachment":[{"href":"https:\/\/test-wp.pulikowski.com\/index.php?rest_route=%2Fwp%2Fv2%2Fmedia&parent=256"}],"curies":[{"name":"wp","href":"https:\/\/api.w.org\/{rel}","templated":true}]}}