{"id":255,"date":"2020-12-09T10:34:58","date_gmt":"2020-12-09T09:34:58","guid":{"rendered":"https:\/\/test-wp.pulikowski.com\/?product=import-placeholder-for-79"},"modified":"2020-12-09T10:35:16","modified_gmt":"2020-12-09T09:35:16","slug":"sprezyny","status":"publish","type":"product","link":"https:\/\/test-wp.pulikowski.com\/?product=sprezyny","title":{"rendered":"Spr\u0119\u017cyny"},"content":{"rendered":"<p>Spr\u0119\u017cyny do:  <OL> <LI>D\u017awigni bieg\u00f3w S51.  <LI>Podp\u00f3\u0142rki centralnej.  <LI>D\u017awigni bieg\u00f3w S50.  <LI>Startera S51.  <LI>Szcz\u0119k hamulca.  <LI>Pazura zmieniacza bieg\u00f3w.  <LI>Startera S50.  <LI>Blaszki z bolcem b\u0119bna bieg\u00f3w.  <LI>D\u017awigni sprz\u0119g\u0142a.<\/LI><\/OL>  Cena za sztuk\u0119 &#8211; 3z\u0142<\/p>\n","protected":false},"excerpt":{"rendered":"<p>Spr\u0119\u017cyny do: D\u017awigni bieg\u00f3w S51. Podp\u00f3\u0142rki centralnej. D\u017awigni bieg\u00f3w S50. Startera S51. Szcz\u0119k hamulca. Pazura zmieniacza bieg\u00f3w. Startera S50. Blaszki z bolcem b\u0119bna bieg\u00f3w. D\u017awigni sprz\u0119g\u0142a. Cena za sztuk\u0119 &#8211; 3z\u0142<\/p>\n","protected":false},"featured_media":285,"comment_status":"open","ping_status":"closed","template":"","meta":{"spay_email":""},"_links":{"self":[{"href":"https:\/\/test-wp.pulikowski.com\/index.php?rest_route=\/wp\/v2\/product\/255"}],"collection":[{"href":"https:\/\/test-wp.pulikowski.com\/index.php?rest_route=\/wp\/v2\/product"}],"about":[{"href":"https:\/\/test-wp.pulikowski.com\/index.php?rest_route=\/wp\/v2\/types\/product"}],"replies":[{"embeddable":true,"href":"https:\/\/test-wp.pulikowski.com\/index.php?rest_route=%2Fwp%2Fv2%2Fcomments&post=255"}],"wp:featuredmedia":[{"embeddable":true,"href":"https:\/\/test-wp.pulikowski.com\/index.php?rest_route=\/wp\/v2\/media\/285"}],"wp:attachment":[{"href":"https:\/\/test-wp.pulikowski.com\/index.php?rest_route=%2Fwp%2Fv2%2Fmedia&parent=255"}],"curies":[{"name":"wp","href":"https:\/\/api.w.org\/{rel}","templated":true}]}}