{"id":254,"date":"2020-12-09T10:34:58","date_gmt":"2020-12-09T09:34:58","guid":{"rendered":"https:\/\/test-wp.pulikowski.com\/?product=import-placeholder-for-78"},"modified":"2020-12-09T10:35:16","modified_gmt":"2020-12-09T09:35:16","slug":"slimak-licznika-metalowy","status":"publish","type":"product","link":"https:\/\/test-wp.pulikowski.com\/?product=slimak-licznika-metalowy","title":{"rendered":"\u015alimak licznika metalowy"},"content":{"rendered":"<p>\u015alimak licznika, metalowy. Nap\u0119dza link\u0119 pr\u0119dko\u015bciomierza lub obrotomierza.<\/p>\n","protected":false},"excerpt":{"rendered":"<p>\u015alimak licznika, metalowy. Nap\u0119dza link\u0119 pr\u0119dko\u015bciomierza lub obrotomierza.<\/p>\n","protected":false},"featured_media":284,"comment_status":"open","ping_status":"closed","template":"","meta":{"spay_email":""},"_links":{"self":[{"href":"https:\/\/test-wp.pulikowski.com\/index.php?rest_route=\/wp\/v2\/product\/254"}],"collection":[{"href":"https:\/\/test-wp.pulikowski.com\/index.php?rest_route=\/wp\/v2\/product"}],"about":[{"href":"https:\/\/test-wp.pulikowski.com\/index.php?rest_route=\/wp\/v2\/types\/product"}],"replies":[{"embeddable":true,"href":"https:\/\/test-wp.pulikowski.com\/index.php?rest_route=%2Fwp%2Fv2%2Fcomments&post=254"}],"wp:featuredmedia":[{"embeddable":true,"href":"https:\/\/test-wp.pulikowski.com\/index.php?rest_route=\/wp\/v2\/media\/284"}],"wp:attachment":[{"href":"https:\/\/test-wp.pulikowski.com\/index.php?rest_route=%2Fwp%2Fv2%2Fmedia&parent=254"}],"curies":[{"name":"wp","href":"https:\/\/api.w.org\/{rel}","templated":true}]}}