{"id":253,"date":"2020-12-09T10:34:58","date_gmt":"2020-12-09T09:34:58","guid":{"rendered":"https:\/\/test-wp.pulikowski.com\/?product=import-placeholder-for-77"},"modified":"2020-12-09T10:35:15","modified_gmt":"2020-12-09T09:35:15","slug":"blaszka-iglicy-stary-typ","status":"publish","type":"product","link":"https:\/\/test-wp.pulikowski.com\/?product=blaszka-iglicy-stary-typ","title":{"rendered":"Blaszka iglicy stary typ"},"content":{"rendered":"<p>Blaszka iglicy  ustala po\u0142o\u017cenie iglicy w przepustnicy. Nadaje si\u0119 do wszystkich starszych typ\u00f3w ga\u017anik\u00f3w.<\/p>\n","protected":false},"excerpt":{"rendered":"<p>Blaszka iglicy ustala po\u0142o\u017cenie iglicy w przepustnicy. Nadaje si\u0119 do wszystkich starszych typ\u00f3w ga\u017anik\u00f3w.<\/p>\n","protected":false},"featured_media":283,"comment_status":"open","ping_status":"closed","template":"","meta":{"spay_email":""},"_links":{"self":[{"href":"https:\/\/test-wp.pulikowski.com\/index.php?rest_route=\/wp\/v2\/product\/253"}],"collection":[{"href":"https:\/\/test-wp.pulikowski.com\/index.php?rest_route=\/wp\/v2\/product"}],"about":[{"href":"https:\/\/test-wp.pulikowski.com\/index.php?rest_route=\/wp\/v2\/types\/product"}],"replies":[{"embeddable":true,"href":"https:\/\/test-wp.pulikowski.com\/index.php?rest_route=%2Fwp%2Fv2%2Fcomments&post=253"}],"wp:featuredmedia":[{"embeddable":true,"href":"https:\/\/test-wp.pulikowski.com\/index.php?rest_route=\/wp\/v2\/media\/283"}],"wp:attachment":[{"href":"https:\/\/test-wp.pulikowski.com\/index.php?rest_route=%2Fwp%2Fv2%2Fmedia&parent=253"}],"curies":[{"name":"wp","href":"https:\/\/api.w.org\/{rel}","templated":true}]}}