{"id":252,"date":"2020-12-09T10:34:57","date_gmt":"2020-12-09T09:34:57","guid":{"rendered":"https:\/\/test-wp.pulikowski.com\/?product=import-placeholder-for-76"},"modified":"2020-12-09T10:35:14","modified_gmt":"2020-12-09T09:35:14","slug":"slimacznica-licznika-oryg","status":"publish","type":"product","link":"https:\/\/test-wp.pulikowski.com\/?product=slimacznica-licznika-oryg","title":{"rendered":"\u015alimacznica licznika oryg."},"content":{"rendered":"<p>Nap\u0119d \u015blimaka pr\u0119dko\u015bciomierza nak\u0142adany na z\u0119batk\u0119.<\/p>\n","protected":false},"excerpt":{"rendered":"<p>Nap\u0119d \u015blimaka pr\u0119dko\u015bciomierza nak\u0142adany na z\u0119batk\u0119.<\/p>\n","protected":false},"featured_media":282,"comment_status":"open","ping_status":"closed","template":"","meta":{"spay_email":""},"_links":{"self":[{"href":"https:\/\/test-wp.pulikowski.com\/index.php?rest_route=\/wp\/v2\/product\/252"}],"collection":[{"href":"https:\/\/test-wp.pulikowski.com\/index.php?rest_route=\/wp\/v2\/product"}],"about":[{"href":"https:\/\/test-wp.pulikowski.com\/index.php?rest_route=\/wp\/v2\/types\/product"}],"replies":[{"embeddable":true,"href":"https:\/\/test-wp.pulikowski.com\/index.php?rest_route=%2Fwp%2Fv2%2Fcomments&post=252"}],"wp:featuredmedia":[{"embeddable":true,"href":"https:\/\/test-wp.pulikowski.com\/index.php?rest_route=\/wp\/v2\/media\/282"}],"wp:attachment":[{"href":"https:\/\/test-wp.pulikowski.com\/index.php?rest_route=%2Fwp%2Fv2%2Fmedia&parent=252"}],"curies":[{"name":"wp","href":"https:\/\/api.w.org\/{rel}","templated":true}]}}