{"id":239,"date":"2020-12-09T10:34:55","date_gmt":"2020-12-09T09:34:55","guid":{"rendered":"https:\/\/test-wp.pulikowski.com\/?product=import-placeholder-for-63"},"modified":"2020-12-09T10:35:06","modified_gmt":"2020-12-09T09:35:06","slug":"napinacz-linki","status":"publish","type":"product","link":"https:\/\/test-wp.pulikowski.com\/?product=napinacz-linki","title":{"rendered":"Napinacz linki"},"content":{"rendered":"<p>Napr\u0119\u017ca link\u0119 hamulca i sprz\u0119g\u0142a (cena za 1szt.)<\/p>\n","protected":false},"excerpt":{"rendered":"<p>Napr\u0119\u017ca link\u0119 hamulca i sprz\u0119g\u0142a (cena za 1szt.)<\/p>\n","protected":false},"featured_media":269,"comment_status":"open","ping_status":"closed","template":"","meta":{"spay_email":""},"_links":{"self":[{"href":"https:\/\/test-wp.pulikowski.com\/index.php?rest_route=\/wp\/v2\/product\/239"}],"collection":[{"href":"https:\/\/test-wp.pulikowski.com\/index.php?rest_route=\/wp\/v2\/product"}],"about":[{"href":"https:\/\/test-wp.pulikowski.com\/index.php?rest_route=\/wp\/v2\/types\/product"}],"replies":[{"embeddable":true,"href":"https:\/\/test-wp.pulikowski.com\/index.php?rest_route=%2Fwp%2Fv2%2Fcomments&post=239"}],"wp:featuredmedia":[{"embeddable":true,"href":"https:\/\/test-wp.pulikowski.com\/index.php?rest_route=\/wp\/v2\/media\/269"}],"wp:attachment":[{"href":"https:\/\/test-wp.pulikowski.com\/index.php?rest_route=%2Fwp%2Fv2%2Fmedia&parent=239"}],"curies":[{"name":"wp","href":"https:\/\/api.w.org\/{rel}","templated":true}]}}