{"id":238,"date":"2020-12-09T10:34:54","date_gmt":"2020-12-09T09:34:54","guid":{"rendered":"https:\/\/test-wp.pulikowski.com\/?product=import-placeholder-for-62"},"modified":"2020-12-09T10:35:05","modified_gmt":"2020-12-09T09:35:05","slug":"mocowanie-blotnika-przod-enduro","status":"publish","type":"product","link":"https:\/\/test-wp.pulikowski.com\/?product=mocowanie-blotnika-przod-enduro","title":{"rendered":"Mocowanie b\u0142otnika prz\u00f3d Enduro"},"content":{"rendered":"<p>Mocowanie b\u0142otnika prz\u00f3d Enduro do p\u00f3\u0142ki dolnej.<\/p>\n","protected":false},"excerpt":{"rendered":"<p>Mocowanie b\u0142otnika prz\u00f3d Enduro do p\u00f3\u0142ki dolnej.<\/p>\n","protected":false},"featured_media":268,"comment_status":"open","ping_status":"closed","template":"","meta":{"spay_email":""},"_links":{"self":[{"href":"https:\/\/test-wp.pulikowski.com\/index.php?rest_route=\/wp\/v2\/product\/238"}],"collection":[{"href":"https:\/\/test-wp.pulikowski.com\/index.php?rest_route=\/wp\/v2\/product"}],"about":[{"href":"https:\/\/test-wp.pulikowski.com\/index.php?rest_route=\/wp\/v2\/types\/product"}],"replies":[{"embeddable":true,"href":"https:\/\/test-wp.pulikowski.com\/index.php?rest_route=%2Fwp%2Fv2%2Fcomments&post=238"}],"wp:featuredmedia":[{"embeddable":true,"href":"https:\/\/test-wp.pulikowski.com\/index.php?rest_route=\/wp\/v2\/media\/268"}],"wp:attachment":[{"href":"https:\/\/test-wp.pulikowski.com\/index.php?rest_route=%2Fwp%2Fv2%2Fmedia&parent=238"}],"curies":[{"name":"wp","href":"https:\/\/api.w.org\/{rel}","templated":true}]}}