{"id":237,"date":"2020-12-09T10:34:54","date_gmt":"2020-12-09T09:34:54","guid":{"rendered":"https:\/\/test-wp.pulikowski.com\/?product=import-placeholder-for-61"},"modified":"2020-12-09T10:35:04","modified_gmt":"2020-12-09T09:35:04","slug":"mocowanie-blotnika-przod","status":"publish","type":"product","link":"https:\/\/test-wp.pulikowski.com\/?product=mocowanie-blotnika-przod","title":{"rendered":"Mocowanie b\u0142otnika prz\u00f3d"},"content":{"rendered":"<p>Obejma mocuj\u0105ca przedni b\u0142otnik do goleni teleskopu, kpl.<\/p>\n","protected":false},"excerpt":{"rendered":"<p>Obejma mocuj\u0105ca przedni b\u0142otnik do goleni teleskopu, kpl.<\/p>\n","protected":false},"featured_media":267,"comment_status":"open","ping_status":"closed","template":"","meta":{"spay_email":""},"_links":{"self":[{"href":"https:\/\/test-wp.pulikowski.com\/index.php?rest_route=\/wp\/v2\/product\/237"}],"collection":[{"href":"https:\/\/test-wp.pulikowski.com\/index.php?rest_route=\/wp\/v2\/product"}],"about":[{"href":"https:\/\/test-wp.pulikowski.com\/index.php?rest_route=\/wp\/v2\/types\/product"}],"replies":[{"embeddable":true,"href":"https:\/\/test-wp.pulikowski.com\/index.php?rest_route=%2Fwp%2Fv2%2Fcomments&post=237"}],"wp:featuredmedia":[{"embeddable":true,"href":"https:\/\/test-wp.pulikowski.com\/index.php?rest_route=\/wp\/v2\/media\/267"}],"wp:attachment":[{"href":"https:\/\/test-wp.pulikowski.com\/index.php?rest_route=%2Fwp%2Fv2%2Fmedia&parent=237"}],"curies":[{"name":"wp","href":"https:\/\/api.w.org\/{rel}","templated":true}]}}