{"id":233,"date":"2020-12-09T10:34:53","date_gmt":"2020-12-09T09:34:53","guid":{"rendered":"https:\/\/test-wp.pulikowski.com\/?product=import-placeholder-for-57"},"modified":"2020-12-09T10:35:02","modified_gmt":"2020-12-09T09:35:02","slug":"chwyt-kierownicy","status":"publish","type":"product","link":"https:\/\/test-wp.pulikowski.com\/?product=chwyt-kierownicy","title":{"rendered":"Chwyt kierownicy"},"content":{"rendered":"<p>Chwyt kierownicy  gumowy, przy zakupie poda\u00c4\u2021 kt\u00f3\u0142ra strona (prawa lub lewa), cena za sztuk\u0119<\/p>\n","protected":false},"excerpt":{"rendered":"<p>Chwyt kierownicy gumowy, przy zakupie poda\u00c4\u2021 kt\u00f3\u0142ra strona (prawa lub lewa), cena za sztuk\u0119<\/p>\n","protected":false},"featured_media":263,"comment_status":"open","ping_status":"closed","template":"","meta":{"spay_email":""},"_links":{"self":[{"href":"https:\/\/test-wp.pulikowski.com\/index.php?rest_route=\/wp\/v2\/product\/233"}],"collection":[{"href":"https:\/\/test-wp.pulikowski.com\/index.php?rest_route=\/wp\/v2\/product"}],"about":[{"href":"https:\/\/test-wp.pulikowski.com\/index.php?rest_route=\/wp\/v2\/types\/product"}],"replies":[{"embeddable":true,"href":"https:\/\/test-wp.pulikowski.com\/index.php?rest_route=%2Fwp%2Fv2%2Fcomments&post=233"}],"wp:featuredmedia":[{"embeddable":true,"href":"https:\/\/test-wp.pulikowski.com\/index.php?rest_route=\/wp\/v2\/media\/263"}],"wp:attachment":[{"href":"https:\/\/test-wp.pulikowski.com\/index.php?rest_route=%2Fwp%2Fv2%2Fmedia&parent=233"}],"curies":[{"name":"wp","href":"https:\/\/api.w.org\/{rel}","templated":true}]}}