{"id":230,"date":"2020-12-09T10:34:52","date_gmt":"2020-12-09T09:34:52","guid":{"rendered":"https:\/\/test-wp.pulikowski.com\/?product=import-placeholder-for-54"},"modified":"2020-12-09T10:35:00","modified_gmt":"2020-12-09T09:35:00","slug":"regeneracja-i-remonty-walow-korbowych-simson-s51-i-s50","status":"publish","type":"product","link":"https:\/\/test-wp.pulikowski.com\/?product=regeneracja-i-remonty-walow-korbowych-simson-s51-i-s50","title":{"rendered":"Regeneracja i remonty wa\u0142\u00f3w korbowych SIMSON S51 i S50"},"content":{"rendered":"<p>Regeneracja wa\u0142u korbowego polega na wymianie zu\u017cytego korbowodu, sworznia dolnego oraz \u0142o\u017cyska, nast\u0119pnie wywa\u017ceniu rotacyjnym w ca\u0142ym zakresie obrot\u00f3w, oraz wycentrowaniu go z dok\u0142adno\u015bci\u0105 do 1\/500 mm bicia na stron\u0119 w specjalnych maszynach.   Do regeneracji nale\u017cy wys\u0142a\u00c4\u2021 zu\u017cyty wa\u0142, gdzie nakie\u0142ek i gwint po obydwu stronach czopa nie jest zniekszta\u0142cony (np po uderzeniach m\u0142otka), gdy\u017c jest wykorzystany przy ko\u0144cowym procesie regeneracji. Korbowody montujemy kompletne, czyli jest korbow\u00f3\u0142d, sworze\u0144 i \u0142o\u017cysko firmy niemieckiej. Cena regeneracji nie obejmuje ceny korbowodu, kt\u00f3\u0142ry mo\u017cna kupi\u00c4\u2021 w naszym sklepie.<\/p>\n","protected":false},"excerpt":{"rendered":"<p>Regeneracja wa\u0142u korbowego polega na wymianie zu\u017cytego korbowodu, sworznia dolnego oraz \u0142o\u017cyska, nast\u0119pnie wywa\u017ceniu rotacyjnym w ca\u0142ym zakresie obrot\u00f3w, oraz wycentrowaniu go z dok\u0142adno\u015bci\u0105 do 1\/500 mm bicia na stron\u0119 w specjalnych maszynach. Do regeneracji nale\u017cy wys\u0142a\u00c4\u2021 zu\u017cyty wa\u0142, gdzie nakie\u0142ek i gwint po obydwu stronach czopa nie jest zniekszta\u0142cony (np po uderzeniach m\u0142otka), gdy\u017c [&hellip;]<\/p>\n","protected":false},"featured_media":260,"comment_status":"open","ping_status":"closed","template":"","meta":{"spay_email":""},"_links":{"self":[{"href":"https:\/\/test-wp.pulikowski.com\/index.php?rest_route=\/wp\/v2\/product\/230"}],"collection":[{"href":"https:\/\/test-wp.pulikowski.com\/index.php?rest_route=\/wp\/v2\/product"}],"about":[{"href":"https:\/\/test-wp.pulikowski.com\/index.php?rest_route=\/wp\/v2\/types\/product"}],"replies":[{"embeddable":true,"href":"https:\/\/test-wp.pulikowski.com\/index.php?rest_route=%2Fwp%2Fv2%2Fcomments&post=230"}],"wp:featuredmedia":[{"embeddable":true,"href":"https:\/\/test-wp.pulikowski.com\/index.php?rest_route=\/wp\/v2\/media\/260"}],"wp:attachment":[{"href":"https:\/\/test-wp.pulikowski.com\/index.php?rest_route=%2Fwp%2Fv2%2Fmedia&parent=230"}],"curies":[{"name":"wp","href":"https:\/\/api.w.org\/{rel}","templated":true}]}}