{"id":197,"date":"2020-12-09T10:34:14","date_gmt":"2020-12-09T09:34:14","guid":{"rendered":"https:\/\/test-wp.pulikowski.com\/?product=import-placeholder-for-49"},"modified":"2020-12-09T10:34:31","modified_gmt":"2020-12-09T09:34:31","slug":"instalacja-s50s51sr-wybolr","status":"publish","type":"product","link":"https:\/\/test-wp.pulikowski.com\/?product=instalacja-s50s51sr-wybolr","title":{"rendered":"Instalacja &#8211; S50,S51,SR &#8211; wyb\u00f3\u0142r"},"content":{"rendered":"<p>Instalacja (okablowanie)  doSIMSON\u00f3w S50, SR50, S51, oraz Schwalbe. Poda\u00c4\u2021 w zam\u00f3wieniu do jakiego typu Simsona ma by\u00c4\u2021 instalacja. Mog\u0119 nieznacznie r\u00f3\u017cni\u00c4\u2021 si\u0119 kolorami od orygina\u0142u. Przyzakupie mog\u0119 dorzuci\u00c4\u2021 gratis schemat danego typu na maila. \/poda\u00c4\u2021 napi\u0119cie akumulatora i typ zaplonu\/<\/p>\n","protected":false},"excerpt":{"rendered":"<p>Instalacja (okablowanie) doSIMSON\u00f3w S50, SR50, S51, oraz Schwalbe. Poda\u00c4\u2021 w zam\u00f3wieniu do jakiego typu Simsona ma by\u00c4\u2021 instalacja. Mog\u0119 nieznacznie r\u00f3\u017cni\u00c4\u2021 si\u0119 kolorami od orygina\u0142u. Przyzakupie mog\u0119 dorzuci\u00c4\u2021 gratis schemat danego typu na maila. \/poda\u00c4\u2021 napi\u0119cie akumulatora i typ zaplonu\/<\/p>\n","protected":false},"featured_media":227,"comment_status":"open","ping_status":"closed","template":"","meta":{"spay_email":""},"_links":{"self":[{"href":"https:\/\/test-wp.pulikowski.com\/index.php?rest_route=\/wp\/v2\/product\/197"}],"collection":[{"href":"https:\/\/test-wp.pulikowski.com\/index.php?rest_route=\/wp\/v2\/product"}],"about":[{"href":"https:\/\/test-wp.pulikowski.com\/index.php?rest_route=\/wp\/v2\/types\/product"}],"replies":[{"embeddable":true,"href":"https:\/\/test-wp.pulikowski.com\/index.php?rest_route=%2Fwp%2Fv2%2Fcomments&post=197"}],"wp:featuredmedia":[{"embeddable":true,"href":"https:\/\/test-wp.pulikowski.com\/index.php?rest_route=\/wp\/v2\/media\/227"}],"wp:attachment":[{"href":"https:\/\/test-wp.pulikowski.com\/index.php?rest_route=%2Fwp%2Fv2%2Fmedia&parent=197"}],"curies":[{"name":"wp","href":"https:\/\/api.w.org\/{rel}","templated":true}]}}