{"id":196,"date":"2020-12-09T10:34:14","date_gmt":"2020-12-09T09:34:14","guid":{"rendered":"https:\/\/test-wp.pulikowski.com\/?product=import-placeholder-for-48"},"modified":"2020-12-09T10:34:31","modified_gmt":"2020-12-09T09:34:31","slug":"regulator-napiecia-z-przerywaczem","status":"publish","type":"product","link":"https:\/\/test-wp.pulikowski.com\/?product=regulator-napiecia-z-przerywaczem","title":{"rendered":"Regulator napi\u0119cia z przerywaczem"},"content":{"rendered":"<p>Regulator napi\u0119cia posiada wbudowany przerywacz kierunkowskaz\u00f3w, napi\u0119cia 6V i 12V.<\/p>\n","protected":false},"excerpt":{"rendered":"<p>Regulator napi\u0119cia posiada wbudowany przerywacz kierunkowskaz\u00f3w, napi\u0119cia 6V i 12V.<\/p>\n","protected":false},"featured_media":226,"comment_status":"open","ping_status":"closed","template":"","meta":{"spay_email":""},"_links":{"self":[{"href":"https:\/\/test-wp.pulikowski.com\/index.php?rest_route=\/wp\/v2\/product\/196"}],"collection":[{"href":"https:\/\/test-wp.pulikowski.com\/index.php?rest_route=\/wp\/v2\/product"}],"about":[{"href":"https:\/\/test-wp.pulikowski.com\/index.php?rest_route=\/wp\/v2\/types\/product"}],"replies":[{"embeddable":true,"href":"https:\/\/test-wp.pulikowski.com\/index.php?rest_route=%2Fwp%2Fv2%2Fcomments&post=196"}],"wp:featuredmedia":[{"embeddable":true,"href":"https:\/\/test-wp.pulikowski.com\/index.php?rest_route=\/wp\/v2\/media\/226"}],"wp:attachment":[{"href":"https:\/\/test-wp.pulikowski.com\/index.php?rest_route=%2Fwp%2Fv2%2Fmedia&parent=196"}],"curies":[{"name":"wp","href":"https:\/\/api.w.org\/{rel}","templated":true}]}}