{"id":195,"date":"2020-12-09T10:34:13","date_gmt":"2020-12-09T09:34:13","guid":{"rendered":"https:\/\/test-wp.pulikowski.com\/?product=import-placeholder-for-47"},"modified":"2020-12-09T10:34:30","modified_gmt":"2020-12-09T09:34:30","slug":"gniazdo-bezpiecznikow","status":"publish","type":"product","link":"https:\/\/test-wp.pulikowski.com\/?product=gniazdo-bezpiecznikow","title":{"rendered":"Gniazdo bezpiecznik\u00f3w"},"content":{"rendered":"<p>Gniazdo bezpiecznik\u00f3w,  z przezroczyst\u0105 pokryw\u0105 dla dw\u00f3\u0142ch bezpiecznik\u00f3w.<\/p>\n","protected":false},"excerpt":{"rendered":"<p>Gniazdo bezpiecznik\u00f3w, z przezroczyst\u0105 pokryw\u0105 dla dw\u00f3\u0142ch bezpiecznik\u00f3w.<\/p>\n","protected":false},"featured_media":225,"comment_status":"open","ping_status":"closed","template":"","meta":{"spay_email":""},"_links":{"self":[{"href":"https:\/\/test-wp.pulikowski.com\/index.php?rest_route=\/wp\/v2\/product\/195"}],"collection":[{"href":"https:\/\/test-wp.pulikowski.com\/index.php?rest_route=\/wp\/v2\/product"}],"about":[{"href":"https:\/\/test-wp.pulikowski.com\/index.php?rest_route=\/wp\/v2\/types\/product"}],"replies":[{"embeddable":true,"href":"https:\/\/test-wp.pulikowski.com\/index.php?rest_route=%2Fwp%2Fv2%2Fcomments&post=195"}],"wp:featuredmedia":[{"embeddable":true,"href":"https:\/\/test-wp.pulikowski.com\/index.php?rest_route=\/wp\/v2\/media\/225"}],"wp:attachment":[{"href":"https:\/\/test-wp.pulikowski.com\/index.php?rest_route=%2Fwp%2Fv2%2Fmedia&parent=195"}],"curies":[{"name":"wp","href":"https:\/\/api.w.org\/{rel}","templated":true}]}}