{"id":194,"date":"2020-12-09T10:34:13","date_gmt":"2020-12-09T09:34:13","guid":{"rendered":"https:\/\/test-wp.pulikowski.com\/?product=import-placeholder-for-46"},"modified":"2020-12-09T10:34:29","modified_gmt":"2020-12-09T09:34:29","slug":"wkret-przerywacza","status":"publish","type":"product","link":"https:\/\/test-wp.pulikowski.com\/?product=wkret-przerywacza","title":{"rendered":"Wkr\u0119t przerywacza"},"content":{"rendered":"<p>Wkr\u0119t mocuj\u0105cy przerywacz zap\u0142onu. Oryginalny.<\/p>\n","protected":false},"excerpt":{"rendered":"<p>Wkr\u0119t mocuj\u0105cy przerywacz zap\u0142onu. Oryginalny.<\/p>\n","protected":false},"featured_media":224,"comment_status":"open","ping_status":"closed","template":"","meta":{"spay_email":""},"_links":{"self":[{"href":"https:\/\/test-wp.pulikowski.com\/index.php?rest_route=\/wp\/v2\/product\/194"}],"collection":[{"href":"https:\/\/test-wp.pulikowski.com\/index.php?rest_route=\/wp\/v2\/product"}],"about":[{"href":"https:\/\/test-wp.pulikowski.com\/index.php?rest_route=\/wp\/v2\/types\/product"}],"replies":[{"embeddable":true,"href":"https:\/\/test-wp.pulikowski.com\/index.php?rest_route=%2Fwp%2Fv2%2Fcomments&post=194"}],"wp:featuredmedia":[{"embeddable":true,"href":"https:\/\/test-wp.pulikowski.com\/index.php?rest_route=\/wp\/v2\/media\/224"}],"wp:attachment":[{"href":"https:\/\/test-wp.pulikowski.com\/index.php?rest_route=%2Fwp%2Fv2%2Fmedia&parent=194"}],"curies":[{"name":"wp","href":"https:\/\/api.w.org\/{rel}","templated":true}]}}