{"id":191,"date":"2020-12-09T10:34:13","date_gmt":"2020-12-09T09:34:13","guid":{"rendered":"https:\/\/test-wp.pulikowski.com\/?product=import-placeholder-for-43"},"modified":"2020-12-09T10:34:27","modified_gmt":"2020-12-09T09:34:27","slug":"plytka-z-impulsatorem","status":"publish","type":"product","link":"https:\/\/test-wp.pulikowski.com\/?product=plytka-z-impulsatorem","title":{"rendered":"P\u0142ytka z impulsatorem"},"content":{"rendered":"<p>P\u0142ytka z impulsatorem do SIMSON\u00f3w z zap\u0142onem elektronicznym.<\/p>\n","protected":false},"excerpt":{"rendered":"<p>P\u0142ytka z impulsatorem do SIMSON\u00f3w z zap\u0142onem elektronicznym.<\/p>\n","protected":false},"featured_media":221,"comment_status":"open","ping_status":"closed","template":"","meta":{"spay_email":""},"_links":{"self":[{"href":"https:\/\/test-wp.pulikowski.com\/index.php?rest_route=\/wp\/v2\/product\/191"}],"collection":[{"href":"https:\/\/test-wp.pulikowski.com\/index.php?rest_route=\/wp\/v2\/product"}],"about":[{"href":"https:\/\/test-wp.pulikowski.com\/index.php?rest_route=\/wp\/v2\/types\/product"}],"replies":[{"embeddable":true,"href":"https:\/\/test-wp.pulikowski.com\/index.php?rest_route=%2Fwp%2Fv2%2Fcomments&post=191"}],"wp:featuredmedia":[{"embeddable":true,"href":"https:\/\/test-wp.pulikowski.com\/index.php?rest_route=\/wp\/v2\/media\/221"}],"wp:attachment":[{"href":"https:\/\/test-wp.pulikowski.com\/index.php?rest_route=%2Fwp%2Fv2%2Fmedia&parent=191"}],"curies":[{"name":"wp","href":"https:\/\/api.w.org\/{rel}","templated":true}]}}