{"id":188,"date":"2020-12-09T10:34:12","date_gmt":"2020-12-09T09:34:12","guid":{"rendered":"https:\/\/test-wp.pulikowski.com\/?product=import-placeholder-for-40"},"modified":"2020-12-09T10:34:26","modified_gmt":"2020-12-09T09:34:26","slug":"modul-zaplonowy","status":"publish","type":"product","link":"https:\/\/test-wp.pulikowski.com\/?product=modul-zaplonowy","title":{"rendered":"Modu\u0142 zap\u0142onowy"},"content":{"rendered":"<p>Pasuje do wszystkich SIMSON\u00f3w typu Electronic.<\/p>\n","protected":false},"excerpt":{"rendered":"<p>Pasuje do wszystkich SIMSON\u00f3w typu Electronic.<\/p>\n","protected":false},"featured_media":218,"comment_status":"open","ping_status":"closed","template":"","meta":{"spay_email":""},"_links":{"self":[{"href":"https:\/\/test-wp.pulikowski.com\/index.php?rest_route=\/wp\/v2\/product\/188"}],"collection":[{"href":"https:\/\/test-wp.pulikowski.com\/index.php?rest_route=\/wp\/v2\/product"}],"about":[{"href":"https:\/\/test-wp.pulikowski.com\/index.php?rest_route=\/wp\/v2\/types\/product"}],"replies":[{"embeddable":true,"href":"https:\/\/test-wp.pulikowski.com\/index.php?rest_route=%2Fwp%2Fv2%2Fcomments&post=188"}],"wp:featuredmedia":[{"embeddable":true,"href":"https:\/\/test-wp.pulikowski.com\/index.php?rest_route=\/wp\/v2\/media\/218"}],"wp:attachment":[{"href":"https:\/\/test-wp.pulikowski.com\/index.php?rest_route=%2Fwp%2Fv2%2Fmedia&parent=188"}],"curies":[{"name":"wp","href":"https:\/\/api.w.org\/{rel}","templated":true}]}}