{"id":185,"date":"2020-12-09T10:34:11","date_gmt":"2020-12-09T09:34:11","guid":{"rendered":"https:\/\/test-wp.pulikowski.com\/?product=import-placeholder-for-37"},"modified":"2020-12-09T10:34:24","modified_gmt":"2020-12-09T09:34:24","slug":"cewka-wysokiego-napiecia","status":"publish","type":"product","link":"https:\/\/test-wp.pulikowski.com\/?product=cewka-wysokiego-napiecia","title":{"rendered":"Cewka wysokiego napi\u0119cia"},"content":{"rendered":"<p>Cewka wysokiego napi\u0119cia  pod zbiornik. Pasuje do wszystkich rodzaj\u00f3w SIMSON\u00f3w wed\u0142ug dost\u0119pnych opcji. Poda\u00c4\u2021 napi\u0119cie lub rodzaj.<\/p>\n","protected":false},"excerpt":{"rendered":"<p>Cewka wysokiego napi\u0119cia pod zbiornik. Pasuje do wszystkich rodzaj\u00f3w SIMSON\u00f3w wed\u0142ug dost\u0119pnych opcji. Poda\u00c4\u2021 napi\u0119cie lub rodzaj.<\/p>\n","protected":false},"featured_media":215,"comment_status":"open","ping_status":"closed","template":"","meta":{"spay_email":""},"_links":{"self":[{"href":"https:\/\/test-wp.pulikowski.com\/index.php?rest_route=\/wp\/v2\/product\/185"}],"collection":[{"href":"https:\/\/test-wp.pulikowski.com\/index.php?rest_route=\/wp\/v2\/product"}],"about":[{"href":"https:\/\/test-wp.pulikowski.com\/index.php?rest_route=\/wp\/v2\/types\/product"}],"replies":[{"embeddable":true,"href":"https:\/\/test-wp.pulikowski.com\/index.php?rest_route=%2Fwp%2Fv2%2Fcomments&post=185"}],"wp:featuredmedia":[{"embeddable":true,"href":"https:\/\/test-wp.pulikowski.com\/index.php?rest_route=\/wp\/v2\/media\/215"}],"wp:attachment":[{"href":"https:\/\/test-wp.pulikowski.com\/index.php?rest_route=%2Fwp%2Fv2%2Fmedia&parent=185"}],"curies":[{"name":"wp","href":"https:\/\/api.w.org\/{rel}","templated":true}]}}