{"id":181,"date":"2020-12-09T10:34:10","date_gmt":"2020-12-09T09:34:10","guid":{"rendered":"https:\/\/test-wp.pulikowski.com\/?product=import-placeholder-for-33"},"modified":"2020-12-09T10:34:21","modified_gmt":"2020-12-09T09:34:21","slug":"szklo-lampy-przod","status":"publish","type":"product","link":"https:\/\/test-wp.pulikowski.com\/?product=szklo-lampy-przod","title":{"rendered":"Szk\u0142o lampy prz\u00f3d"},"content":{"rendered":"<p>Szk\u0142o lampy S51<\/p>\n","protected":false},"excerpt":{"rendered":"<p>Szk\u0142o lampy S51<\/p>\n","protected":false},"featured_media":211,"comment_status":"open","ping_status":"closed","template":"","meta":{"spay_email":""},"_links":{"self":[{"href":"https:\/\/test-wp.pulikowski.com\/index.php?rest_route=\/wp\/v2\/product\/181"}],"collection":[{"href":"https:\/\/test-wp.pulikowski.com\/index.php?rest_route=\/wp\/v2\/product"}],"about":[{"href":"https:\/\/test-wp.pulikowski.com\/index.php?rest_route=\/wp\/v2\/types\/product"}],"replies":[{"embeddable":true,"href":"https:\/\/test-wp.pulikowski.com\/index.php?rest_route=%2Fwp%2Fv2%2Fcomments&post=181"}],"wp:featuredmedia":[{"embeddable":true,"href":"https:\/\/test-wp.pulikowski.com\/index.php?rest_route=\/wp\/v2\/media\/211"}],"wp:attachment":[{"href":"https:\/\/test-wp.pulikowski.com\/index.php?rest_route=%2Fwp%2Fv2%2Fmedia&parent=181"}],"curies":[{"name":"wp","href":"https:\/\/api.w.org\/{rel}","templated":true}]}}