{"id":179,"date":"2020-12-09T10:34:10","date_gmt":"2020-12-09T09:34:10","guid":{"rendered":"https:\/\/test-wp.pulikowski.com\/?product=import-placeholder-for-31"},"modified":"2020-12-09T10:34:20","modified_gmt":"2020-12-09T09:34:20","slug":"rurka-kierunkow-przednich-cienka","status":"publish","type":"product","link":"https:\/\/test-wp.pulikowski.com\/?product=rurka-kierunkow-przednich-cienka","title":{"rendered":"Rurka kierunk\u00f3w przednich, cienka"},"content":{"rendered":"<p>Rurka mocuj\u0105ca przedni kierunkowskaz Prawy i Lewy, w\u0105ska.   Kolor: chrom lub czer\u0144.<\/p>\n","protected":false},"excerpt":{"rendered":"<p>Rurka mocuj\u0105ca przedni kierunkowskaz Prawy i Lewy, w\u0105ska. Kolor: chrom lub czer\u0144.<\/p>\n","protected":false},"featured_media":209,"comment_status":"open","ping_status":"closed","template":"","meta":{"spay_email":""},"_links":{"self":[{"href":"https:\/\/test-wp.pulikowski.com\/index.php?rest_route=\/wp\/v2\/product\/179"}],"collection":[{"href":"https:\/\/test-wp.pulikowski.com\/index.php?rest_route=\/wp\/v2\/product"}],"about":[{"href":"https:\/\/test-wp.pulikowski.com\/index.php?rest_route=\/wp\/v2\/types\/product"}],"replies":[{"embeddable":true,"href":"https:\/\/test-wp.pulikowski.com\/index.php?rest_route=%2Fwp%2Fv2%2Fcomments&post=179"}],"wp:featuredmedia":[{"embeddable":true,"href":"https:\/\/test-wp.pulikowski.com\/index.php?rest_route=\/wp\/v2\/media\/209"}],"wp:attachment":[{"href":"https:\/\/test-wp.pulikowski.com\/index.php?rest_route=%2Fwp%2Fv2%2Fmedia&parent=179"}],"curies":[{"name":"wp","href":"https:\/\/api.w.org\/{rel}","templated":true}]}}