{"id":166,"date":"2020-12-09T10:33:41","date_gmt":"2020-12-09T09:33:41","guid":{"rendered":"https:\/\/test-wp.pulikowski.com\/?product=import-placeholder-for-30"},"modified":"2020-12-09T10:34:19","modified_gmt":"2020-12-09T09:34:19","slug":"przycisk-sygnalu-i-flesz","status":"publish","type":"product","link":"https:\/\/test-wp.pulikowski.com\/?product=przycisk-sygnalu-i-flesz","title":{"rendered":"Przycisk sygna\u0142u i flesz"},"content":{"rendered":"<p>Przycisk sygna\u0142u d\u017awi\u0119kowego i \u015bwietlnego, do nowszych modeli SIMSON\u00f3w.<\/p>\n","protected":false},"excerpt":{"rendered":"<p>Przycisk sygna\u0142u d\u017awi\u0119kowego i \u015bwietlnego, do nowszych modeli SIMSON\u00f3w.<\/p>\n","protected":false},"featured_media":208,"comment_status":"open","ping_status":"closed","template":"","meta":{"spay_email":""},"_links":{"self":[{"href":"https:\/\/test-wp.pulikowski.com\/index.php?rest_route=\/wp\/v2\/product\/166"}],"collection":[{"href":"https:\/\/test-wp.pulikowski.com\/index.php?rest_route=\/wp\/v2\/product"}],"about":[{"href":"https:\/\/test-wp.pulikowski.com\/index.php?rest_route=\/wp\/v2\/types\/product"}],"replies":[{"embeddable":true,"href":"https:\/\/test-wp.pulikowski.com\/index.php?rest_route=%2Fwp%2Fv2%2Fcomments&post=166"}],"wp:featuredmedia":[{"embeddable":true,"href":"https:\/\/test-wp.pulikowski.com\/index.php?rest_route=\/wp\/v2\/media\/208"}],"wp:attachment":[{"href":"https:\/\/test-wp.pulikowski.com\/index.php?rest_route=%2Fwp%2Fv2%2Fmedia&parent=166"}],"curies":[{"name":"wp","href":"https:\/\/api.w.org\/{rel}","templated":true}]}}