{"id":165,"date":"2020-12-09T10:33:40","date_gmt":"2020-12-09T09:33:40","guid":{"rendered":"https:\/\/test-wp.pulikowski.com\/?product=import-placeholder-for-29"},"modified":"2020-12-09T10:34:19","modified_gmt":"2020-12-09T09:34:19","slug":"przelacznik-swiatel","status":"publish","type":"product","link":"https:\/\/test-wp.pulikowski.com\/?product=przelacznik-swiatel","title":{"rendered":"Prze\u0142\u0105cznik \u015bwiate\u0142"},"content":{"rendered":"<p>Prze\u0142\u0105cznik \u015bwiate\u0142s\u0142u\u017cy do zmiany \u015bwiate\u0142 zmijania na drogowe i odwrotnie. Pasuje do SIMSONa S51, SR50 oraz Enduro. Nie mamy starych typ\u00f3w.<\/p>\n","protected":false},"excerpt":{"rendered":"<p>Prze\u0142\u0105cznik \u015bwiate\u0142s\u0142u\u017cy do zmiany \u015bwiate\u0142 zmijania na drogowe i odwrotnie. Pasuje do SIMSONa S51, SR50 oraz Enduro. Nie mamy starych typ\u00f3w.<\/p>\n","protected":false},"featured_media":207,"comment_status":"open","ping_status":"closed","template":"","meta":{"spay_email":""},"_links":{"self":[{"href":"https:\/\/test-wp.pulikowski.com\/index.php?rest_route=\/wp\/v2\/product\/165"}],"collection":[{"href":"https:\/\/test-wp.pulikowski.com\/index.php?rest_route=\/wp\/v2\/product"}],"about":[{"href":"https:\/\/test-wp.pulikowski.com\/index.php?rest_route=\/wp\/v2\/types\/product"}],"replies":[{"embeddable":true,"href":"https:\/\/test-wp.pulikowski.com\/index.php?rest_route=%2Fwp%2Fv2%2Fcomments&post=165"}],"wp:featuredmedia":[{"embeddable":true,"href":"https:\/\/test-wp.pulikowski.com\/index.php?rest_route=\/wp\/v2\/media\/207"}],"wp:attachment":[{"href":"https:\/\/test-wp.pulikowski.com\/index.php?rest_route=%2Fwp%2Fv2%2Fmedia&parent=165"}],"curies":[{"name":"wp","href":"https:\/\/api.w.org\/{rel}","templated":true}]}}