{"id":164,"date":"2020-12-09T10:33:40","date_gmt":"2020-12-09T09:33:40","guid":{"rendered":"https:\/\/test-wp.pulikowski.com\/?product=import-placeholder-for-28"},"modified":"2020-12-09T10:34:18","modified_gmt":"2020-12-09T09:34:18","slug":"przerywacz-kierunkow-6v-42w","status":"publish","type":"product","link":"https:\/\/test-wp.pulikowski.com\/?product=przerywacz-kierunkow-6v-42w","title":{"rendered":"Przerywacz kierunk\u00f3w 6V \/ 42W"},"content":{"rendered":"<p>Przerywacz kierunk\u00f3w na napi\u0119cie 6V, pasuje do wszystkich SIMSON\u00f3w.<\/p>\n","protected":false},"excerpt":{"rendered":"<p>Przerywacz kierunk\u00f3w na napi\u0119cie 6V, pasuje do wszystkich SIMSON\u00f3w.<\/p>\n","protected":false},"featured_media":206,"comment_status":"open","ping_status":"closed","template":"","meta":{"spay_email":""},"_links":{"self":[{"href":"https:\/\/test-wp.pulikowski.com\/index.php?rest_route=\/wp\/v2\/product\/164"}],"collection":[{"href":"https:\/\/test-wp.pulikowski.com\/index.php?rest_route=\/wp\/v2\/product"}],"about":[{"href":"https:\/\/test-wp.pulikowski.com\/index.php?rest_route=\/wp\/v2\/types\/product"}],"replies":[{"embeddable":true,"href":"https:\/\/test-wp.pulikowski.com\/index.php?rest_route=%2Fwp%2Fv2%2Fcomments&post=164"}],"wp:featuredmedia":[{"embeddable":true,"href":"https:\/\/test-wp.pulikowski.com\/index.php?rest_route=\/wp\/v2\/media\/206"}],"wp:attachment":[{"href":"https:\/\/test-wp.pulikowski.com\/index.php?rest_route=%2Fwp%2Fv2%2Fmedia&parent=164"}],"curies":[{"name":"wp","href":"https:\/\/api.w.org\/{rel}","templated":true}]}}