{"id":163,"date":"2020-12-09T10:33:40","date_gmt":"2020-12-09T09:33:40","guid":{"rendered":"https:\/\/test-wp.pulikowski.com\/?product=import-placeholder-for-27"},"modified":"2020-12-09T10:34:17","modified_gmt":"2020-12-09T09:34:17","slug":"przerywacz-kierunkowskazow-schwalbe-i-duo-6v18w-oryginal","status":"publish","type":"product","link":"https:\/\/test-wp.pulikowski.com\/?product=przerywacz-kierunkowskazow-schwalbe-i-duo-6v18w-oryginal","title":{"rendered":"Przerywacz kierunkowskaz\u00f3w Schwalbe  i DUO 6V18W (orygina\u0142)"},"content":{"rendered":"<p>Przerywacz kierunkowskaz\u00f3w 6V18W, stosowany przy pojedyczej \u017car\u00f3wce kierunkowskaz\u00f3w 18W (np. DUO4 lub Schwalbe z kierunkowskazem w kierownicy).<\/p>\n","protected":false},"excerpt":{"rendered":"<p>Przerywacz kierunkowskaz\u00f3w 6V18W, stosowany przy pojedyczej \u017car\u00f3wce kierunkowskaz\u00f3w 18W (np. DUO4 lub Schwalbe z kierunkowskazem w kierownicy).<\/p>\n","protected":false},"featured_media":205,"comment_status":"open","ping_status":"closed","template":"","meta":{"spay_email":""},"_links":{"self":[{"href":"https:\/\/test-wp.pulikowski.com\/index.php?rest_route=\/wp\/v2\/product\/163"}],"collection":[{"href":"https:\/\/test-wp.pulikowski.com\/index.php?rest_route=\/wp\/v2\/product"}],"about":[{"href":"https:\/\/test-wp.pulikowski.com\/index.php?rest_route=\/wp\/v2\/types\/product"}],"replies":[{"embeddable":true,"href":"https:\/\/test-wp.pulikowski.com\/index.php?rest_route=%2Fwp%2Fv2%2Fcomments&post=163"}],"wp:featuredmedia":[{"embeddable":true,"href":"https:\/\/test-wp.pulikowski.com\/index.php?rest_route=\/wp\/v2\/media\/205"}],"wp:attachment":[{"href":"https:\/\/test-wp.pulikowski.com\/index.php?rest_route=%2Fwp%2Fv2%2Fmedia&parent=163"}],"curies":[{"name":"wp","href":"https:\/\/api.w.org\/{rel}","templated":true}]}}