{"id":157,"date":"2020-12-09T10:33:39","date_gmt":"2020-12-09T09:33:39","guid":{"rendered":"https:\/\/test-wp.pulikowski.com\/?product=import-placeholder-for-21"},"modified":"2020-12-09T10:33:50","modified_gmt":"2020-12-09T09:33:50","slug":"lampa-tyl-prostokatna","status":"publish","type":"product","link":"https:\/\/test-wp.pulikowski.com\/?product=lampa-tyl-prostokatna","title":{"rendered":"Lampa ty\u0142 prostok\u0105tna"},"content":{"rendered":"<p>Lampa ty\u0142 SIMSON, prostok\u0105tna.<\/p>\n","protected":false},"excerpt":{"rendered":"<p>Lampa ty\u0142 SIMSON, prostok\u0105tna.<\/p>\n","protected":false},"featured_media":177,"comment_status":"open","ping_status":"closed","template":"","meta":{"spay_email":""},"_links":{"self":[{"href":"https:\/\/test-wp.pulikowski.com\/index.php?rest_route=\/wp\/v2\/product\/157"}],"collection":[{"href":"https:\/\/test-wp.pulikowski.com\/index.php?rest_route=\/wp\/v2\/product"}],"about":[{"href":"https:\/\/test-wp.pulikowski.com\/index.php?rest_route=\/wp\/v2\/types\/product"}],"replies":[{"embeddable":true,"href":"https:\/\/test-wp.pulikowski.com\/index.php?rest_route=%2Fwp%2Fv2%2Fcomments&post=157"}],"wp:featuredmedia":[{"embeddable":true,"href":"https:\/\/test-wp.pulikowski.com\/index.php?rest_route=\/wp\/v2\/media\/177"}],"wp:attachment":[{"href":"https:\/\/test-wp.pulikowski.com\/index.php?rest_route=%2Fwp%2Fv2%2Fmedia&parent=157"}],"curies":[{"name":"wp","href":"https:\/\/api.w.org\/{rel}","templated":true}]}}