{"id":154,"date":"2020-12-09T10:33:38","date_gmt":"2020-12-09T09:33:38","guid":{"rendered":"https:\/\/test-wp.pulikowski.com\/?product=import-placeholder-for-18"},"modified":"2020-12-09T10:33:48","modified_gmt":"2020-12-09T09:33:48","slug":"klosz-lampy-tyl-maly","status":"publish","type":"product","link":"https:\/\/test-wp.pulikowski.com\/?product=klosz-lampy-tyl-maly","title":{"rendered":"Klosz lampy ty\u0142 ma\u0142y"},"content":{"rendered":"<p>Klosz lampy ty\u0142  ma\u0142y, na dwie \u015bruby.<\/p>\n","protected":false},"excerpt":{"rendered":"<p>Klosz lampy ty\u0142 ma\u0142y, na dwie \u015bruby.<\/p>\n","protected":false},"featured_media":174,"comment_status":"open","ping_status":"closed","template":"","meta":{"spay_email":""},"_links":{"self":[{"href":"https:\/\/test-wp.pulikowski.com\/index.php?rest_route=\/wp\/v2\/product\/154"}],"collection":[{"href":"https:\/\/test-wp.pulikowski.com\/index.php?rest_route=\/wp\/v2\/product"}],"about":[{"href":"https:\/\/test-wp.pulikowski.com\/index.php?rest_route=\/wp\/v2\/types\/product"}],"replies":[{"embeddable":true,"href":"https:\/\/test-wp.pulikowski.com\/index.php?rest_route=%2Fwp%2Fv2%2Fcomments&post=154"}],"wp:featuredmedia":[{"embeddable":true,"href":"https:\/\/test-wp.pulikowski.com\/index.php?rest_route=\/wp\/v2\/media\/174"}],"wp:attachment":[{"href":"https:\/\/test-wp.pulikowski.com\/index.php?rest_route=%2Fwp%2Fv2%2Fmedia&parent=154"}],"curies":[{"name":"wp","href":"https:\/\/api.w.org\/{rel}","templated":true}]}}