{"id":153,"date":"2020-12-09T10:33:38","date_gmt":"2020-12-09T09:33:38","guid":{"rendered":"https:\/\/test-wp.pulikowski.com\/?product=import-placeholder-for-17"},"modified":"2020-12-09T10:33:47","modified_gmt":"2020-12-09T09:33:47","slug":"klosz-lampy-tyl-duzy","status":"publish","type":"product","link":"https:\/\/test-wp.pulikowski.com\/?product=klosz-lampy-tyl-duzy","title":{"rendered":"Klosz lampy ty\u0142 du\u017cy"},"content":{"rendered":"<p>Klosz lampy ty\u0142  du\u017cy, na trzy \u015bruby.    Przy zamawianiu prosz\u0119 poda\u00c4\u2021 kolor :   czerwony lub bezbarwny.   Polecamy \u017car\u00f3wkiw kolorzeczerwonym.<\/p>\n","protected":false},"excerpt":{"rendered":"<p>Klosz lampy ty\u0142 du\u017cy, na trzy \u015bruby. Przy zamawianiu prosz\u0119 poda\u00c4\u2021 kolor : czerwony lub bezbarwny. Polecamy \u017car\u00f3wkiw kolorzeczerwonym.<\/p>\n","protected":false},"featured_media":173,"comment_status":"open","ping_status":"closed","template":"","meta":{"spay_email":""},"_links":{"self":[{"href":"https:\/\/test-wp.pulikowski.com\/index.php?rest_route=\/wp\/v2\/product\/153"}],"collection":[{"href":"https:\/\/test-wp.pulikowski.com\/index.php?rest_route=\/wp\/v2\/product"}],"about":[{"href":"https:\/\/test-wp.pulikowski.com\/index.php?rest_route=\/wp\/v2\/types\/product"}],"replies":[{"embeddable":true,"href":"https:\/\/test-wp.pulikowski.com\/index.php?rest_route=%2Fwp%2Fv2%2Fcomments&post=153"}],"wp:featuredmedia":[{"embeddable":true,"href":"https:\/\/test-wp.pulikowski.com\/index.php?rest_route=\/wp\/v2\/media\/173"}],"wp:attachment":[{"href":"https:\/\/test-wp.pulikowski.com\/index.php?rest_route=%2Fwp%2Fv2%2Fmedia&parent=153"}],"curies":[{"name":"wp","href":"https:\/\/api.w.org\/{rel}","templated":true}]}}