{"id":150,"date":"2020-12-09T10:33:38","date_gmt":"2020-12-09T09:33:38","guid":{"rendered":"https:\/\/test-wp.pulikowski.com\/?product=import-placeholder-for-14"},"modified":"2020-12-09T10:33:46","modified_gmt":"2020-12-09T09:33:46","slug":"klosz-kierunkowskazu-pomar-okragly","status":"publish","type":"product","link":"https:\/\/test-wp.pulikowski.com\/?product=klosz-kierunkowskazu-pomar-okragly","title":{"rendered":"Klosz kierunkowskazu pomar. okr\u0105g\u0142y"},"content":{"rendered":"<p>Klosz kierunkowskazy okr\u0105g\u0142y pomara\u0144czowy, prz\u00f3d lub ty\u0142. \/poda\u00c4\u2021 przy zam\u00f3wieniu\/<\/p>\n","protected":false},"excerpt":{"rendered":"<p>Klosz kierunkowskazy okr\u0105g\u0142y pomara\u0144czowy, prz\u00f3d lub ty\u0142. \/poda\u00c4\u2021 przy zam\u00f3wieniu\/<\/p>\n","protected":false},"featured_media":170,"comment_status":"open","ping_status":"closed","template":"","meta":{"spay_email":""},"_links":{"self":[{"href":"https:\/\/test-wp.pulikowski.com\/index.php?rest_route=\/wp\/v2\/product\/150"}],"collection":[{"href":"https:\/\/test-wp.pulikowski.com\/index.php?rest_route=\/wp\/v2\/product"}],"about":[{"href":"https:\/\/test-wp.pulikowski.com\/index.php?rest_route=\/wp\/v2\/types\/product"}],"replies":[{"embeddable":true,"href":"https:\/\/test-wp.pulikowski.com\/index.php?rest_route=%2Fwp%2Fv2%2Fcomments&post=150"}],"wp:featuredmedia":[{"embeddable":true,"href":"https:\/\/test-wp.pulikowski.com\/index.php?rest_route=\/wp\/v2\/media\/170"}],"wp:attachment":[{"href":"https:\/\/test-wp.pulikowski.com\/index.php?rest_route=%2Fwp%2Fv2%2Fmedia&parent=150"}],"curies":[{"name":"wp","href":"https:\/\/api.w.org\/{rel}","templated":true}]}}