{"id":147,"date":"2020-12-09T10:33:37","date_gmt":"2020-12-09T09:33:37","guid":{"rendered":"https:\/\/test-wp.pulikowski.com\/?product=import-placeholder-for-11"},"modified":"2020-12-09T10:33:44","modified_gmt":"2020-12-09T09:33:44","slug":"kierunkowskaz-prostokatny-maly","status":"publish","type":"product","link":"https:\/\/test-wp.pulikowski.com\/?product=kierunkowskaz-prostokatny-maly","title":{"rendered":"Kierunkowskaz prostok\u0105tny ma\u0142y"},"content":{"rendered":"<p>Kierunkowskaz  ma\u0142y.<\/p>\n","protected":false},"excerpt":{"rendered":"<p>Kierunkowskaz ma\u0142y.<\/p>\n","protected":false},"featured_media":167,"comment_status":"open","ping_status":"closed","template":"","meta":{"spay_email":""},"_links":{"self":[{"href":"https:\/\/test-wp.pulikowski.com\/index.php?rest_route=\/wp\/v2\/product\/147"}],"collection":[{"href":"https:\/\/test-wp.pulikowski.com\/index.php?rest_route=\/wp\/v2\/product"}],"about":[{"href":"https:\/\/test-wp.pulikowski.com\/index.php?rest_route=\/wp\/v2\/types\/product"}],"replies":[{"embeddable":true,"href":"https:\/\/test-wp.pulikowski.com\/index.php?rest_route=%2Fwp%2Fv2%2Fcomments&post=147"}],"wp:featuredmedia":[{"embeddable":true,"href":"https:\/\/test-wp.pulikowski.com\/index.php?rest_route=\/wp\/v2\/media\/167"}],"wp:attachment":[{"href":"https:\/\/test-wp.pulikowski.com\/index.php?rest_route=%2Fwp%2Fv2%2Fmedia&parent=147"}],"curies":[{"name":"wp","href":"https:\/\/api.w.org\/{rel}","templated":true}]}}