{"id":146,"date":"2020-12-09T10:33:37","date_gmt":"2020-12-09T09:33:37","guid":{"rendered":"https:\/\/test-wp.pulikowski.com\/?product=import-placeholder-for-10"},"modified":"2020-12-09T10:33:43","modified_gmt":"2020-12-09T09:33:43","slug":"kierunkowskaz-prostokatny-bialy","status":"publish","type":"product","link":"https:\/\/test-wp.pulikowski.com\/?product=kierunkowskaz-prostokatny-bialy","title":{"rendered":"Kierunkowskaz prostok\u0105tny bia\u0142y"},"content":{"rendered":"<p>Kierunkowskaz  prostok\u0105tny z bia\u0142\u0105 szybk\u0105, na gruby uchwyt rurkowy.<\/p>\n","protected":false},"excerpt":{"rendered":"<p>Kierunkowskaz prostok\u0105tny z bia\u0142\u0105 szybk\u0105, na gruby uchwyt rurkowy.<\/p>\n","protected":false},"featured_media":129,"comment_status":"open","ping_status":"closed","template":"","meta":{"spay_email":""},"_links":{"self":[{"href":"https:\/\/test-wp.pulikowski.com\/index.php?rest_route=\/wp\/v2\/product\/146"}],"collection":[{"href":"https:\/\/test-wp.pulikowski.com\/index.php?rest_route=\/wp\/v2\/product"}],"about":[{"href":"https:\/\/test-wp.pulikowski.com\/index.php?rest_route=\/wp\/v2\/types\/product"}],"replies":[{"embeddable":true,"href":"https:\/\/test-wp.pulikowski.com\/index.php?rest_route=%2Fwp%2Fv2%2Fcomments&post=146"}],"wp:featuredmedia":[{"embeddable":true,"href":"https:\/\/test-wp.pulikowski.com\/index.php?rest_route=\/wp\/v2\/media\/129"}],"wp:attachment":[{"href":"https:\/\/test-wp.pulikowski.com\/index.php?rest_route=%2Fwp%2Fv2%2Fmedia&parent=146"}],"curies":[{"name":"wp","href":"https:\/\/api.w.org\/{rel}","templated":true}]}}