{"id":140,"date":"2020-12-09T10:33:35","date_gmt":"2020-12-09T09:33:35","guid":{"rendered":"https:\/\/test-wp.pulikowski.com\/?product=import-placeholder-for-4"},"modified":"2020-12-09T10:33:42","modified_gmt":"2020-12-09T09:33:42","slug":"cokol-zarowki","status":"publish","type":"product","link":"https:\/\/test-wp.pulikowski.com\/?product=cokol-zarowki","title":{"rendered":"Cok\u00f3\u0142 \u017car\u00f3wki"},"content":{"rendered":"<p>Cok\u00f3\u0142 \u017car\u00f3wki reflektorowej.   Posiadamy coko\u0142y do starych modeli na \u017car\u00f3wk\u0119 15\/15 W. Podaj przy zakupach jaki nas interesuje.<\/p>\n","protected":false},"excerpt":{"rendered":"<p>Cok\u00f3\u0142 \u017car\u00f3wki reflektorowej. Posiadamy coko\u0142y do starych modeli na \u017car\u00f3wk\u0119 15\/15 W. Podaj przy zakupach jaki nas interesuje.<\/p>\n","protected":false},"featured_media":123,"comment_status":"open","ping_status":"closed","template":"","meta":{"spay_email":""},"_links":{"self":[{"href":"https:\/\/test-wp.pulikowski.com\/index.php?rest_route=\/wp\/v2\/product\/140"}],"collection":[{"href":"https:\/\/test-wp.pulikowski.com\/index.php?rest_route=\/wp\/v2\/product"}],"about":[{"href":"https:\/\/test-wp.pulikowski.com\/index.php?rest_route=\/wp\/v2\/types\/product"}],"replies":[{"embeddable":true,"href":"https:\/\/test-wp.pulikowski.com\/index.php?rest_route=%2Fwp%2Fv2%2Fcomments&post=140"}],"wp:featuredmedia":[{"embeddable":true,"href":"https:\/\/test-wp.pulikowski.com\/index.php?rest_route=\/wp\/v2\/media\/123"}],"wp:attachment":[{"href":"https:\/\/test-wp.pulikowski.com\/index.php?rest_route=%2Fwp%2Fv2%2Fmedia&parent=140"}],"curies":[{"name":"wp","href":"https:\/\/api.w.org\/{rel}","templated":true}]}}