{"id":139,"date":"2020-12-09T10:33:35","date_gmt":"2020-12-09T09:33:35","guid":{"rendered":"https:\/\/test-wp.pulikowski.com\/?product=import-placeholder-for-3"},"modified":"2020-12-09T10:33:41","modified_gmt":"2020-12-09T09:33:41","slug":"automat-stop-w-rame","status":"publish","type":"product","link":"https:\/\/test-wp.pulikowski.com\/?product=automat-stop-w-rame","title":{"rendered":"Automat STOP w ram\u0119"},"content":{"rendered":"<p>W\u0142\u0105cznik \u015bwiat\u0142a STOP . Pasuje do SIMSONA S51, montuje si\u0119 go w ram\u0119 na uchwycie.<\/p>\n","protected":false},"excerpt":{"rendered":"<p>W\u0142\u0105cznik \u015bwiat\u0142a STOP . Pasuje do SIMSONA S51, montuje si\u0119 go w ram\u0119 na uchwycie.<\/p>\n","protected":false},"featured_media":122,"comment_status":"open","ping_status":"closed","template":"","meta":{"spay_email":""},"_links":{"self":[{"href":"https:\/\/test-wp.pulikowski.com\/index.php?rest_route=\/wp\/v2\/product\/139"}],"collection":[{"href":"https:\/\/test-wp.pulikowski.com\/index.php?rest_route=\/wp\/v2\/product"}],"about":[{"href":"https:\/\/test-wp.pulikowski.com\/index.php?rest_route=\/wp\/v2\/types\/product"}],"replies":[{"embeddable":true,"href":"https:\/\/test-wp.pulikowski.com\/index.php?rest_route=%2Fwp%2Fv2%2Fcomments&post=139"}],"wp:featuredmedia":[{"embeddable":true,"href":"https:\/\/test-wp.pulikowski.com\/index.php?rest_route=\/wp\/v2\/media\/122"}],"wp:attachment":[{"href":"https:\/\/test-wp.pulikowski.com\/index.php?rest_route=%2Fwp%2Fv2%2Fmedia&parent=139"}],"curies":[{"name":"wp","href":"https:\/\/api.w.org\/{rel}","templated":true}]}}