{"id":137,"date":"2020-12-09T10:33:34","date_gmt":"2020-12-09T09:33:34","guid":{"rendered":"https:\/\/test-wp.pulikowski.com\/?product=import-placeholder-for-1"},"modified":"2020-12-09T10:33:41","modified_gmt":"2020-12-09T09:33:41","slug":"bezpiecznik","status":"publish","type":"product","link":"https:\/\/test-wp.pulikowski.com\/?product=bezpiecznik","title":{"rendered":"Bezpiecznik"},"content":{"rendered":"<p>Zabezpieczenie  instalacji elektrycznej. Nadaje si\u0119 do  wszystkich typ\u00f3w SIMSON\u00f3w.<\/p>\n","protected":false},"excerpt":{"rendered":"<p>Zabezpieczenie instalacji elektrycznej. Nadaje si\u0119 do wszystkich typ\u00f3w SIMSON\u00f3w.<\/p>\n","protected":false},"featured_media":93,"comment_status":"open","ping_status":"closed","template":"","meta":{"spay_email":""},"_links":{"self":[{"href":"https:\/\/test-wp.pulikowski.com\/index.php?rest_route=\/wp\/v2\/product\/137"}],"collection":[{"href":"https:\/\/test-wp.pulikowski.com\/index.php?rest_route=\/wp\/v2\/product"}],"about":[{"href":"https:\/\/test-wp.pulikowski.com\/index.php?rest_route=\/wp\/v2\/types\/product"}],"replies":[{"embeddable":true,"href":"https:\/\/test-wp.pulikowski.com\/index.php?rest_route=%2Fwp%2Fv2%2Fcomments&post=137"}],"wp:featuredmedia":[{"embeddable":true,"href":"https:\/\/test-wp.pulikowski.com\/index.php?rest_route=\/wp\/v2\/media\/93"}],"wp:attachment":[{"href":"https:\/\/test-wp.pulikowski.com\/index.php?rest_route=%2Fwp%2Fv2%2Fmedia&parent=137"}],"curies":[{"name":"wp","href":"https:\/\/api.w.org\/{rel}","templated":true}]}}