{"id":503,"date":"2020-12-09T11:30:47","date_gmt":"2020-12-09T10:30:47","guid":{"rendered":"https:\/\/test-wp.pulikowski.com\/?page_id=503"},"modified":"2020-12-09T11:30:47","modified_gmt":"2020-12-09T10:30:47","slug":"regulamin-uzytkowania-sklepu","status":"publish","type":"page","link":"https:\/\/test-wp.pulikowski.com\/?page_id=503","title":{"rendered":"Regulamin u\u017cytkowania sklepu"},"content":{"rendered":"\n<p>Zasady u\u017cytowania sklepu i odpowiedzialno\u015b\u0107.<\/p>\n","protected":false},"excerpt":{"rendered":"<p>Zasady u\u017cytowania sklepu i odpowiedzialno\u015b\u0107.<\/p>\n","protected":false},"author":1,"featured_media":0,"parent":0,"menu_order":0,"comment_status":"closed","ping_status":"closed","template":"","meta":{"spay_email":""},"_links":{"self":[{"href":"https:\/\/test-wp.pulikowski.com\/index.php?rest_route=\/wp\/v2\/pages\/503"}],"collection":[{"href":"https:\/\/test-wp.pulikowski.com\/index.php?rest_route=\/wp\/v2\/pages"}],"about":[{"href":"https:\/\/test-wp.pulikowski.com\/index.php?rest_route=\/wp\/v2\/types\/page"}],"author":[{"embeddable":true,"href":"https:\/\/test-wp.pulikowski.com\/index.php?rest_route=\/wp\/v2\/users\/1"}],"replies":[{"embeddable":true,"href":"https:\/\/test-wp.pulikowski.com\/index.php?rest_route=%2Fwp%2Fv2%2Fcomments&post=503"}],"version-history":[{"count":1,"href":"https:\/\/test-wp.pulikowski.com\/index.php?rest_route=\/wp\/v2\/pages\/503\/revisions"}],"predecessor-version":[{"id":505,"href":"https:\/\/test-wp.pulikowski.com\/index.php?rest_route=\/wp\/v2\/pages\/503\/revisions\/505"}],"wp:attachment":[{"href":"https:\/\/test-wp.pulikowski.com\/index.php?rest_route=%2Fwp%2Fv2%2Fmedia&parent=503"}],"curies":[{"name":"wp","href":"https:\/\/api.w.org\/{rel}","templated":true}]}}